{"id":29312,"date":"2021-02-26T09:51:48","date_gmt":"2021-02-26T08:51:48","guid":{"rendered":"https:\/\/www.crossinvest-locarno.ch\/team\/"},"modified":"2025-09-08T10:01:20","modified_gmt":"2025-09-08T08:01:20","slug":"team","status":"publish","type":"page","link":"https:\/\/www.crossinvest-locarno.ch\/de\/team\/","title":{"rendered":"Team"},"content":{"rendered":"<div class=\"wpb-content-wrapper\"><p>[vc_row][vc_column]<div class=\"dfd-spacer-module\"  data-units=\"px\" data-wide_resolution=\"1280\" data-wide_size=\"150\" data-normal_resolution=\"1024\" data-normal_size=\"100\" data-tablet_resolution=\"800\" data-tablet_size=\"100\" data-mobile_resolution=\"480\" data-mobile_size=\"80\" style=\"height: 150px;\"><\/div>[\/vc_column][\/vc_row][vc_row][vc_column css=&#8220;.vc_custom_1608111214077{padding-right: 30px !important;padding-left: 30px !important;}&#8220; col_shadow=&#8220;box_shadow_enable:disable|shadow_horizontal:0|shadow_vertical:15|shadow_blur:50|shadow_spread:0|box_shadow_color:rgba(0%2C0%2C0%2C0.35)&#8220; col_shadow_hover=&#8220;box_shadow_enable:disable|shadow_horizontal:0|shadow_vertical:15|shadow_blur:50|shadow_spread:0|box_shadow_color:rgba(0%2C0%2C0%2C0.35)&#8220;][vc_column_text]<\/p>\n<h1>Sch\u00f6n, Sie kennenzulernen<\/h1>\n<p>[\/vc_column_text][\/vc_column][\/vc_row][vc_row][vc_column]<div class=\"dfd-spacer-module\"  data-units=\"px\" data-wide_resolution=\"1280\" data-wide_size=\"60\" data-normal_resolution=\"1024\" data-normal_size=\"60\" data-tablet_resolution=\"800\" data-tablet_size=\"60\" data-mobile_resolution=\"480\" data-mobile_size=\"60\" style=\"height: 60px;\"><\/div>[\/vc_column][\/vc_row][vc_row][vc_column css=&#8220;.vc_custom_1612872876776{padding-right: 30px !important;padding-left: 30px !important;}&#8220; col_shadow=&#8220;box_shadow_enable:disable|shadow_horizontal:0|shadow_vertical:15|shadow_blur:50|shadow_spread:0|box_shadow_color:rgba(0%2C0%2C0%2C0.35)&#8220; col_shadow_hover=&#8220;box_shadow_enable:disable|shadow_horizontal:0|shadow_vertical:15|shadow_blur:50|shadow_spread:0|box_shadow_color:rgba(0%2C0%2C0%2C0.35)&#8220;][vc_column_text]<strong>Unsch\u00e4tzbarer Wert <\/strong><br \/>\nErfahrene Mitarbeiter sind unsere wichtigste Investition. Wir sind davon \u00fcberzeugt, dass nur starke technische und analytische F\u00e4higkeiten es erlauben, die Komplexit\u00e4t der Finanzm\u00e4rkte richtig zu interpretieren und haben deshalb ein Team von ausgewiesenen Fachleuten zusammengestellt. Unsere Arbeit besteht aber nicht nur aus Zahlen und Algorithmen, sondern auch aus Zuh\u00f6ren, Interpretieren und Kommunizieren. Kontinuit\u00e4t in der Kundenbetreuung sowie das Verst\u00e4ndnis der Kundenbed\u00fcrfnisse und Befindlichkeiten sind deshalb von gr\u00f6sster Bedeutung f\u00fcr eine langfristige Partnerschaft und Zufriedenheit.[\/vc_column_text][\/vc_column][\/vc_row][vc_row][vc_column]<div class=\"dfd-spacer-module\"  data-units=\"px\" data-wide_resolution=\"1280\" data-wide_size=\"150\" data-normal_resolution=\"1024\" data-normal_size=\"100\" data-tablet_resolution=\"800\" data-tablet_size=\"100\" data-mobile_resolution=\"480\" data-mobile_size=\"80\" style=\"height: 150px;\"><\/div>[\/vc_column][\/vc_row][vc_row css=&#8220;.vc_custom_1608731039558{padding-bottom: 60px !important;}&#8220;][vc_column width=&#8220;1\/2&#8243; dfd_column_responsive_enable=&#8220;dfd-column-responsive-enable&#8220; css=&#8220;.vc_custom_1608731105154{padding-right: 30px !important;padding-left: 30px !important;}&#8220; col_shadow=&#8220;box_shadow_enable:disable|shadow_horizontal:0|shadow_vertical:15|shadow_blur:50|shadow_spread:0|box_shadow_color:rgba(0%2C0%2C0%2C0.35)&#8220; col_shadow_hover=&#8220;box_shadow_enable:disable|shadow_horizontal:0|shadow_vertical:15|shadow_blur:50|shadow_spread:0|box_shadow_color:rgba(0%2C0%2C0%2C0.35)&#8220; responsive_styles=&#8220;padding_bottom_mobile:60&#8243;][vc_single_image image=&#8220;29333&#8243; img_size=&#8220;full&#8220;][vc_column_text css=&#8220;.vc_custom_1612793891982{padding-top: 20px !important;}&#8220;]<strong>Athos Boschetti <\/strong><br \/>\nCEO | Client Advisor<br \/>\nBei Crossinvest seit 2017[\/vc_column_text][\/vc_column][vc_column width=&#8220;1\/2&#8243; css=&#8220;.vc_custom_1608731097549{padding-right: 30px !important;padding-left: 30px !important;}&#8220; col_shadow=&#8220;box_shadow_enable:disable|shadow_horizontal:0|shadow_vertical:15|shadow_blur:50|shadow_spread:0|box_shadow_color:rgba(0%2C0%2C0%2C0.35)&#8220; col_shadow_hover=&#8220;box_shadow_enable:disable|shadow_horizontal:0|shadow_vertical:15|shadow_blur:50|shadow_spread:0|box_shadow_color:rgba(0%2C0%2C0%2C0.35)&#8220;][vc_single_image image=&#8220;29336&#8243; img_size=&#8220;full&#8220;][vc_column_text css=&#8220;.vc_custom_1612872951793{padding-top: 20px !important;}&#8220;]<\/p>\n<p class=\"p1\"><b>Camillo Biasca<br \/>\n<\/b>Client Advisor<br \/>\nBei Crossinvest seit 2017<\/p>\n<p>[\/vc_column_text][\/vc_column][\/vc_row][vc_row css=&#8220;.vc_custom_1608731039558{padding-bottom: 60px !important;}&#8220;][vc_column width=&#8220;1\/2&#8243; dfd_column_responsive_enable=&#8220;dfd-column-responsive-enable&#8220; css=&#8220;.vc_custom_1608731105154{padding-right: 30px !important;padding-left: 30px !important;}&#8220; col_shadow=&#8220;box_shadow_enable:disable|shadow_horizontal:0|shadow_vertical:15|shadow_blur:50|shadow_spread:0|box_shadow_color:rgba(0%2C0%2C0%2C0.35)&#8220; col_shadow_hover=&#8220;box_shadow_enable:disable|shadow_horizontal:0|shadow_vertical:15|shadow_blur:50|shadow_spread:0|box_shadow_color:rgba(0%2C0%2C0%2C0.35)&#8220; responsive_styles=&#8220;padding_bottom_mobile:60&#8243;][vc_single_image image=&#8220;29327&#8243; img_size=&#8220;full&#8220;][vc_column_text css=&#8220;.vc_custom_1612872958068{padding-top: 20px !important;}&#8220;]<\/p>\n<p class=\"p1\"><b>Andrea Ehinger<br \/>\n<\/b>Client Advisor<br \/>\nBei Crossinvest seit 2017<\/p>\n<p>[\/vc_column_text][\/vc_column][vc_column width=&#8220;1\/2&#8243; css=&#8220;.vc_custom_1608731097549{padding-right: 30px !important;padding-left: 30px !important;}&#8220; col_shadow=&#8220;box_shadow_enable:disable|shadow_horizontal:0|shadow_vertical:15|shadow_blur:50|shadow_spread:0|box_shadow_color:rgba(0%2C0%2C0%2C0.35)&#8220; col_shadow_hover=&#8220;box_shadow_enable:disable|shadow_horizontal:0|shadow_vertical:15|shadow_blur:50|shadow_spread:0|box_shadow_color:rgba(0%2C0%2C0%2C0.35)&#8220;][vc_single_image image=&#8220;29330&#8243; img_size=&#8220;full&#8220;][vc_column_text css=&#8220;.vc_custom_1612872966607{padding-top: 20px !important;}&#8220;]<\/p>\n<p class=\"p1\"><b>Diego Bignasci<br \/>\n<\/b>Client Advisor<br \/>\nBei Crossinvest seit 2017<\/p>\n<p>[\/vc_column_text][\/vc_column][\/vc_row][vc_row css=&#8220;.vc_custom_1608731039558{padding-bottom: 60px !important;}&#8220;][vc_column width=&#8220;1\/2&#8243; dfd_column_responsive_enable=&#8220;dfd-column-responsive-enable&#8220; css=&#8220;.vc_custom_1608731105154{padding-right: 30px !important;padding-left: 30px !important;}&#8220; col_shadow=&#8220;box_shadow_enable:disable|shadow_horizontal:0|shadow_vertical:15|shadow_blur:50|shadow_spread:0|box_shadow_color:rgba(0%2C0%2C0%2C0.35)&#8220; col_shadow_hover=&#8220;box_shadow_enable:disable|shadow_horizontal:0|shadow_vertical:15|shadow_blur:50|shadow_spread:0|box_shadow_color:rgba(0%2C0%2C0%2C0.35)&#8220; responsive_styles=&#8220;padding_bottom_mobile:60&#8243;][vc_single_image image=&#8220;29324&#8243; img_size=&#8220;full&#8220;][vc_column_text css=&#8220;.vc_custom_1612872973323{padding-top: 20px !important;}&#8220;]<\/p>\n<p class=\"p1\"><b>Tiziano Boschetti<br \/>\n<\/b>Asset Management<br \/>\nBei Crossinvest seit 2017<\/p>\n<p>[\/vc_column_text][\/vc_column][vc_column width=&#8220;1\/2&#8243; css=&#8220;.vc_custom_1608731097549{padding-right: 30px !important;padding-left: 30px !important;}&#8220; col_shadow=&#8220;box_shadow_enable:disable|shadow_horizontal:0|shadow_vertical:15|shadow_blur:50|shadow_spread:0|box_shadow_color:rgba(0%2C0%2C0%2C0.35)&#8220; col_shadow_hover=&#8220;box_shadow_enable:disable|shadow_horizontal:0|shadow_vertical:15|shadow_blur:50|shadow_spread:0|box_shadow_color:rgba(0%2C0%2C0%2C0.35)&#8220;][vc_single_image image=&#8220;29318&#8243; img_size=&#8220;full&#8220;][vc_column_text css=&#8220;.vc_custom_1612872978498{padding-top: 20px !important;}&#8220;]<\/p>\n<p class=\"p1\"><b>Andrea Stornetta<br \/>\n<\/b>Asset Management<br \/>\nBei Crossinvest seit 2017<\/p>\n<p>[\/vc_column_text][\/vc_column][\/vc_row][vc_row css=&#8220;.vc_custom_1608731039558{padding-bottom: 60px !important;}&#8220;][vc_column width=&#8220;1\/2&#8243; dfd_column_responsive_enable=&#8220;dfd-column-responsive-enable&#8220; css=&#8220;.vc_custom_1608731105154{padding-right: 30px !important;padding-left: 30px !important;}&#8220; col_shadow=&#8220;box_shadow_enable:disable|shadow_horizontal:0|shadow_vertical:15|shadow_blur:50|shadow_spread:0|box_shadow_color:rgba(0%2C0%2C0%2C0.35)&#8220; col_shadow_hover=&#8220;box_shadow_enable:disable|shadow_horizontal:0|shadow_vertical:15|shadow_blur:50|shadow_spread:0|box_shadow_color:rgba(0%2C0%2C0%2C0.35)&#8220; responsive_styles=&#8220;padding_bottom_mobile:60&#8243;][vc_single_image image=&#8220;29423&#8243; img_size=&#8220;full&#8220;][vc_column_text css=&#8220;.vc_custom_1612872982660{padding-top: 20px !important;}&#8220;]<\/p>\n<p class=\"p1\"><b>Manuela Gallicciotti<br \/>\n<\/b>Front Office<br \/>\nBei Crossinvest seit 2017<\/p>\n<p>[\/vc_column_text][\/vc_column][vc_column width=&#8220;1\/2&#8243; css=&#8220;.vc_custom_1608731097549{padding-right: 30px !important;padding-left: 30px !important;}&#8220; col_shadow=&#8220;box_shadow_enable:disable|shadow_horizontal:0|shadow_vertical:15|shadow_blur:50|shadow_spread:0|box_shadow_color:rgba(0%2C0%2C0%2C0.35)&#8220; col_shadow_hover=&#8220;box_shadow_enable:disable|shadow_horizontal:0|shadow_vertical:15|shadow_blur:50|shadow_spread:0|box_shadow_color:rgba(0%2C0%2C0%2C0.35)&#8220;][vc_single_image image=&#8220;29315&#8243; img_size=&#8220;full&#8220;][vc_column_text css=&#8220;.vc_custom_1612872988814{padding-top: 20px !important;}&#8220;]<\/p>\n<p class=\"p1\"><b>Sara Bigiolli<br \/>\n<\/b>Front Office<br \/>\nBei Crossinvest seit 2017<\/p>\n<p>[\/vc_column_text][\/vc_column][\/vc_row][vc_row css=&#8220;.vc_custom_1608731039558{padding-bottom: 60px !important;}&#8220;][vc_column width=&#8220;1\/2&#8243; dfd_column_responsive_enable=&#8220;dfd-column-responsive-enable&#8220; css=&#8220;.vc_custom_1608731105154{padding-right: 30px !important;padding-left: 30px !important;}&#8220; col_shadow=&#8220;box_shadow_enable:disable|shadow_horizontal:0|shadow_vertical:15|shadow_blur:50|shadow_spread:0|box_shadow_color:rgba(0%2C0%2C0%2C0.35)&#8220; col_shadow_hover=&#8220;box_shadow_enable:disable|shadow_horizontal:0|shadow_vertical:15|shadow_blur:50|shadow_spread:0|box_shadow_color:rgba(0%2C0%2C0%2C0.35)&#8220; responsive_styles=&#8220;padding_bottom_mobile:60&#8243;][vc_single_image image=&#8220;29431&#8243; img_size=&#8220;full&#8220;][vc_column_text css=&#8220;.vc_custom_1614679761973{padding-top: 20px !important;}&#8220;]<\/p>\n<p class=\"p1\"><b>Francesca Branca Beck<br \/>\n<\/b>Front Office<br \/>\nBei Crossinvest seit 2020<\/p>\n<p>[\/vc_column_text][\/vc_column][vc_column width=&#8220;1\/2&#8243; css=&#8220;.vc_custom_1608731097549{padding-right: 30px !important;padding-left: 30px !important;}&#8220; col_shadow=&#8220;box_shadow_enable:disable|shadow_horizontal:0|shadow_vertical:15|shadow_blur:50|shadow_spread:0|box_shadow_color:rgba(0%2C0%2C0%2C0.35)&#8220; col_shadow_hover=&#8220;box_shadow_enable:disable|shadow_horizontal:0|shadow_vertical:15|shadow_blur:50|shadow_spread:0|box_shadow_color:rgba(0%2C0%2C0%2C0.35)&#8220;][\/vc_column][\/vc_row][vc_row][vc_column]<div class=\"dfd-spacer-module\"  data-units=\"px\" data-wide_resolution=\"1280\" data-wide_size=\"150\" data-normal_resolution=\"1024\" data-normal_size=\"100\" data-tablet_resolution=\"800\" data-tablet_size=\"100\" data-mobile_resolution=\"480\" data-mobile_size=\"80\" style=\"height: 150px;\"><\/div>[\/vc_column][\/vc_row]<\/p>\n<\/div>","protected":false},"excerpt":{"rendered":"<p>[vc_row][vc_column][\/vc_column][\/vc_row][vc_row][vc_column css=&#8220;.vc_custom_1608111214077{padding-right: 30px !important;padding-left: 30px !important;}&#8220; col_shadow=&#8220;box_shadow_enable:disable|shadow_horizontal:0|shadow_vertical:15|shadow_blur:50|shadow_spread:0|box_shadow_color:rgba(0%2C0%2C0%2C0.35)&#8220; col_shadow_hover=&#8220;box_shadow_enable:disable|shadow_horizontal:0|shadow_vertical:15|shadow_blur:50|shadow_spread:0|box_shadow_color:rgba(0%2C0%2C0%2C0.35)&#8220;][vc_column_text] Sch\u00f6n, Sie kennenzulernen [\/vc_column_text][\/vc_column][\/vc_row][vc_row][vc_column][\/vc_column][\/vc_row][vc_row][vc_column css=&#8220;.vc_custom_1612872876776{padding-right: 30px !important;padding-left: 30px !important;}&#8220; col_shadow=&#8220;box_shadow_enable:disable|shadow_horizontal:0|shadow_vertical:15|shadow_blur:50|shadow_spread:0|box_shadow_color:rgba(0%2C0%2C0%2C0.35)&#8220; col_shadow_hover=&#8220;box_shadow_enable:disable|shadow_horizontal:0|shadow_vertical:15|shadow_blur:50|shadow_spread:0|box_shadow_color:rgba(0%2C0%2C0%2C0.35)&#8220;][vc_column_text]Unsch\u00e4tzbarer Wert Erfahrene Mitarbeiter sind unsere wichtigste Investition. Wir sind davon \u00fcberzeugt,<\/p>\n","protected":false},"author":1,"featured_media":0,"parent":0,"menu_order":0,"comment_status":"closed","ping_status":"closed","template":"page-custom.php","meta":{"inline_featured_image":false,"footnotes":""},"class_list":["post-29312","page","type-page","status-publish","hentry"],"yoast_head":"<!-- This site is optimized with the Yoast SEO plugin v27.3 - https:\/\/yoast.com\/product\/yoast-seo-wordpress\/ -->\n<title>Team - CROSSINVEST SA - 40 Jahre Erfahrung<\/title>\n<meta name=\"description\" content=\"F\u00fcr die Berater von Crossinvest SA sind Menschen unsere beste Investition und unser unsch\u00e4tzbares Verm\u00f6gen.\" \/>\n<meta name=\"robots\" content=\"index, follow, max-snippet:-1, max-image-preview:large, max-video-preview:-1\" \/>\n<link rel=\"canonical\" href=\"https:\/\/www.crossinvest-locarno.ch\/de\/team\/\" \/>\n<meta property=\"og:locale\" content=\"de_DE\" \/>\n<meta property=\"og:type\" content=\"article\" \/>\n<meta property=\"og:title\" content=\"Team - CROSSINVEST SA - 40 Jahre Erfahrung\" \/>\n<meta property=\"og:description\" content=\"F\u00fcr die Berater von Crossinvest SA sind Menschen unsere beste Investition und unser unsch\u00e4tzbares Verm\u00f6gen.\" \/>\n<meta property=\"og:url\" content=\"https:\/\/www.crossinvest-locarno.ch\/de\/team\/\" \/>\n<meta property=\"og:site_name\" content=\"CROSSINVEST\" \/>\n<meta property=\"article:modified_time\" content=\"2025-09-08T08:01:20+00:00\" \/>\n<meta name=\"twitter:card\" content=\"summary_large_image\" \/>\n<meta name=\"twitter:label1\" content=\"Gesch\u00e4tzte Lesezeit\" \/>\n\t<meta name=\"twitter:data1\" content=\"2\u00a0Minuten\" \/>\n<script type=\"application\/ld+json\" class=\"yoast-schema-graph\">{\"@context\":\"https:\\\/\\\/schema.org\",\"@graph\":[{\"@type\":\"WebPage\",\"@id\":\"https:\\\/\\\/www.crossinvest-locarno.ch\\\/de\\\/team\\\/\",\"url\":\"https:\\\/\\\/www.crossinvest-locarno.ch\\\/de\\\/team\\\/\",\"name\":\"Team - CROSSINVEST SA - 40 Jahre Erfahrung\",\"isPartOf\":{\"@id\":\"https:\\\/\\\/www.crossinvest-locarno.ch\\\/#website\"},\"datePublished\":\"2021-02-26T08:51:48+00:00\",\"dateModified\":\"2025-09-08T08:01:20+00:00\",\"description\":\"F\u00fcr die Berater von Crossinvest SA sind Menschen unsere beste Investition und unser unsch\u00e4tzbares Verm\u00f6gen.\",\"breadcrumb\":{\"@id\":\"https:\\\/\\\/www.crossinvest-locarno.ch\\\/de\\\/team\\\/#breadcrumb\"},\"inLanguage\":\"de\",\"potentialAction\":[{\"@type\":\"ReadAction\",\"target\":[\"https:\\\/\\\/www.crossinvest-locarno.ch\\\/de\\\/team\\\/\"]}]},{\"@type\":\"BreadcrumbList\",\"@id\":\"https:\\\/\\\/www.crossinvest-locarno.ch\\\/de\\\/team\\\/#breadcrumb\",\"itemListElement\":[{\"@type\":\"ListItem\",\"position\":1,\"name\":\"Home\",\"item\":\"https:\\\/\\\/www.crossinvest-locarno.ch\\\/de\\\/\"},{\"@type\":\"ListItem\",\"position\":2,\"name\":\"Team\"}]},{\"@type\":\"WebSite\",\"@id\":\"https:\\\/\\\/www.crossinvest-locarno.ch\\\/#website\",\"url\":\"https:\\\/\\\/www.crossinvest-locarno.ch\\\/\",\"name\":\"Crossinvest Locarno SA\",\"description\":\"Locarno\",\"publisher\":{\"@id\":\"https:\\\/\\\/www.crossinvest-locarno.ch\\\/#organization\"},\"potentialAction\":[{\"@type\":\"SearchAction\",\"target\":{\"@type\":\"EntryPoint\",\"urlTemplate\":\"https:\\\/\\\/www.crossinvest-locarno.ch\\\/?s={search_term_string}\"},\"query-input\":{\"@type\":\"PropertyValueSpecification\",\"valueRequired\":true,\"valueName\":\"search_term_string\"}}],\"inLanguage\":\"de\"},{\"@type\":\"Organization\",\"@id\":\"https:\\\/\\\/www.crossinvest-locarno.ch\\\/#organization\",\"name\":\"Crossinvest Locarno SA\",\"url\":\"https:\\\/\\\/www.crossinvest-locarno.ch\\\/\",\"logo\":{\"@type\":\"ImageObject\",\"inLanguage\":\"de\",\"@id\":\"https:\\\/\\\/www.crossinvest-locarno.ch\\\/#\\\/schema\\\/logo\\\/image\\\/\",\"url\":\"https:\\\/\\\/www.crossinvest-locarno.ch\\\/wp-content\\\/uploads\\\/2021\\\/01\\\/crossinvest-locarno_logo_new.svg\",\"contentUrl\":\"https:\\\/\\\/www.crossinvest-locarno.ch\\\/wp-content\\\/uploads\\\/2021\\\/01\\\/crossinvest-locarno_logo_new.svg\",\"width\":\"1024\",\"height\":\"1024\",\"caption\":\"Crossinvest Locarno SA\"},\"image\":{\"@id\":\"https:\\\/\\\/www.crossinvest-locarno.ch\\\/#\\\/schema\\\/logo\\\/image\\\/\"}}]}<\/script>\n<!-- \/ Yoast SEO plugin. -->","yoast_head_json":{"title":"Team - CROSSINVEST SA - 40 Jahre Erfahrung","description":"F\u00fcr die Berater von Crossinvest SA sind Menschen unsere beste Investition und unser unsch\u00e4tzbares Verm\u00f6gen.","robots":{"index":"index","follow":"follow","max-snippet":"max-snippet:-1","max-image-preview":"max-image-preview:large","max-video-preview":"max-video-preview:-1"},"canonical":"https:\/\/www.crossinvest-locarno.ch\/de\/team\/","og_locale":"de_DE","og_type":"article","og_title":"Team - CROSSINVEST SA - 40 Jahre Erfahrung","og_description":"F\u00fcr die Berater von Crossinvest SA sind Menschen unsere beste Investition und unser unsch\u00e4tzbares Verm\u00f6gen.","og_url":"https:\/\/www.crossinvest-locarno.ch\/de\/team\/","og_site_name":"CROSSINVEST","article_modified_time":"2025-09-08T08:01:20+00:00","twitter_card":"summary_large_image","twitter_misc":{"Gesch\u00e4tzte Lesezeit":"2\u00a0Minuten"},"schema":{"@context":"https:\/\/schema.org","@graph":[{"@type":"WebPage","@id":"https:\/\/www.crossinvest-locarno.ch\/de\/team\/","url":"https:\/\/www.crossinvest-locarno.ch\/de\/team\/","name":"Team - CROSSINVEST SA - 40 Jahre Erfahrung","isPartOf":{"@id":"https:\/\/www.crossinvest-locarno.ch\/#website"},"datePublished":"2021-02-26T08:51:48+00:00","dateModified":"2025-09-08T08:01:20+00:00","description":"F\u00fcr die Berater von Crossinvest SA sind Menschen unsere beste Investition und unser unsch\u00e4tzbares Verm\u00f6gen.","breadcrumb":{"@id":"https:\/\/www.crossinvest-locarno.ch\/de\/team\/#breadcrumb"},"inLanguage":"de","potentialAction":[{"@type":"ReadAction","target":["https:\/\/www.crossinvest-locarno.ch\/de\/team\/"]}]},{"@type":"BreadcrumbList","@id":"https:\/\/www.crossinvest-locarno.ch\/de\/team\/#breadcrumb","itemListElement":[{"@type":"ListItem","position":1,"name":"Home","item":"https:\/\/www.crossinvest-locarno.ch\/de\/"},{"@type":"ListItem","position":2,"name":"Team"}]},{"@type":"WebSite","@id":"https:\/\/www.crossinvest-locarno.ch\/#website","url":"https:\/\/www.crossinvest-locarno.ch\/","name":"Crossinvest Locarno SA","description":"Locarno","publisher":{"@id":"https:\/\/www.crossinvest-locarno.ch\/#organization"},"potentialAction":[{"@type":"SearchAction","target":{"@type":"EntryPoint","urlTemplate":"https:\/\/www.crossinvest-locarno.ch\/?s={search_term_string}"},"query-input":{"@type":"PropertyValueSpecification","valueRequired":true,"valueName":"search_term_string"}}],"inLanguage":"de"},{"@type":"Organization","@id":"https:\/\/www.crossinvest-locarno.ch\/#organization","name":"Crossinvest Locarno SA","url":"https:\/\/www.crossinvest-locarno.ch\/","logo":{"@type":"ImageObject","inLanguage":"de","@id":"https:\/\/www.crossinvest-locarno.ch\/#\/schema\/logo\/image\/","url":"https:\/\/www.crossinvest-locarno.ch\/wp-content\/uploads\/2021\/01\/crossinvest-locarno_logo_new.svg","contentUrl":"https:\/\/www.crossinvest-locarno.ch\/wp-content\/uploads\/2021\/01\/crossinvest-locarno_logo_new.svg","width":"1024","height":"1024","caption":"Crossinvest Locarno SA"},"image":{"@id":"https:\/\/www.crossinvest-locarno.ch\/#\/schema\/logo\/image\/"}}]}},"_links":{"self":[{"href":"https:\/\/www.crossinvest-locarno.ch\/de\/wp-json\/wp\/v2\/pages\/29312","targetHints":{"allow":["GET"]}}],"collection":[{"href":"https:\/\/www.crossinvest-locarno.ch\/de\/wp-json\/wp\/v2\/pages"}],"about":[{"href":"https:\/\/www.crossinvest-locarno.ch\/de\/wp-json\/wp\/v2\/types\/page"}],"author":[{"embeddable":true,"href":"https:\/\/www.crossinvest-locarno.ch\/de\/wp-json\/wp\/v2\/users\/1"}],"replies":[{"embeddable":true,"href":"https:\/\/www.crossinvest-locarno.ch\/de\/wp-json\/wp\/v2\/comments?post=29312"}],"version-history":[{"count":8,"href":"https:\/\/www.crossinvest-locarno.ch\/de\/wp-json\/wp\/v2\/pages\/29312\/revisions"}],"predecessor-version":[{"id":29447,"href":"https:\/\/www.crossinvest-locarno.ch\/de\/wp-json\/wp\/v2\/pages\/29312\/revisions\/29447"}],"wp:attachment":[{"href":"https:\/\/www.crossinvest-locarno.ch\/de\/wp-json\/wp\/v2\/media?parent=29312"}],"curies":[{"name":"wp","href":"https:\/\/api.w.org\/{rel}","templated":true}]}}