{"id":29385,"date":"2021-03-01T15:29:57","date_gmt":"2021-03-01T14:29:57","guid":{"rendered":"https:\/\/www.crossinvest-locarno.ch\/privacy-policy\/"},"modified":"2023-09-01T13:16:09","modified_gmt":"2023-09-01T11:16:09","slug":"rechtliche-hinweise","status":"publish","type":"page","link":"https:\/\/www.crossinvest-locarno.ch\/de\/rechtliche-hinweise\/","title":{"rendered":"Rechtliche Hinweise"},"content":{"rendered":"<div class=\"wpb-content-wrapper\"><p>[vc_row][vc_column]<div class=\"dfd-spacer-module\"  data-units=\"px\" data-wide_resolution=\"1280\" data-wide_size=\"150\" data-normal_resolution=\"1024\" data-normal_size=\"100\" data-tablet_resolution=\"800\" data-tablet_size=\"100\" data-mobile_resolution=\"480\" data-mobile_size=\"80\" style=\"height: 150px;\"><\/div>[\/vc_column][\/vc_row][vc_row][vc_column css=&#8220;.vc_custom_1608111214077{padding-right: 30px !important;padding-left: 30px !important;}&#8220; col_shadow=&#8220;box_shadow_enable:disable|shadow_horizontal:0|shadow_vertical:15|shadow_blur:50|shadow_spread:0|box_shadow_color:rgba(0%2C0%2C0%2C0.35)&#8220; col_shadow_hover=&#8220;box_shadow_enable:disable|shadow_horizontal:0|shadow_vertical:15|shadow_blur:50|shadow_spread:0|box_shadow_color:rgba(0%2C0%2C0%2C0.35)&#8220;][vc_column_text]<\/p>\n<h1>Rechtliche Hinweise<\/h1>\n<p>[\/vc_column_text]<div class=\"dfd-spacer-module\"  data-units=\"px\" data-wide_resolution=\"1280\" data-wide_size=\"30\" data-normal_resolution=\"1024\" data-normal_size=\"30\" data-tablet_resolution=\"800\" data-tablet_size=\"30\" data-mobile_resolution=\"480\" data-mobile_size=\"30\" style=\"height: 30px;\"><\/div>[\/vc_column][\/vc_row][vc_row][vc_column css=&#8220;.vc_custom_1608111208599{padding-right: 30px !important;padding-left: 30px !important;}&#8220; col_shadow=&#8220;box_shadow_enable:disable|shadow_horizontal:0|shadow_vertical:15|shadow_blur:50|shadow_spread:0|box_shadow_color:rgba(0%2C0%2C0%2C0.35)&#8220; col_shadow_hover=&#8220;box_shadow_enable:disable|shadow_horizontal:0|shadow_vertical:15|shadow_blur:50|shadow_spread:0|box_shadow_color:rgba(0%2C0%2C0%2C0.35)&#8220;][vc_column_text]<strong>Nutzungsbedingungen<br \/>\n<\/strong>Wir bitten Sie, diese Nutzungsbedingungen sorgf\u00e4ltig zu lesen. Mit dem Zugriff auf diese Website (www.crossinvest-locarno.ch) und ihre Seiten und Inhalte best\u00e4tigen Sie, dass Sie die folgenden Bedingungen und die entsprechenden rechtlichen Hinweise gelesen, verstanden und akzeptiert haben, ebenso wie das gesamte darin enthaltene Material.<\/p>\n<p><strong>Urheberrecht<br \/>\n<\/strong>Soweit nicht anders angegeben, ist der gesamte Inhalt dieser Website urheberrechtlich gesch\u00fctzt. Inhaberin aller Rechte ist die Crossinvest Locarno SA. Das Material auf dieser Website ist nur zu Beratungszwecken frei zug\u00e4nglich. Die Vervielf\u00e4ltigung des Materials oder Teilen davon in beliebiger schriftlicher oder elektronischer Form ist nur mit ausdr\u00fccklicher Erw\u00e4hnung der Crossinvest Locarno SA gestattet. Jegliche Vervielf\u00e4ltigung des auf der Website enthaltenen Materials ist nur mit ausdr\u00fccklicher Genehmigung der Crossinvest Locarno SA gestattet.<\/p>\n<p><strong>Eigentum an der Website und Marken<br \/>\n<\/strong>Nichts, was f\u00fcr die Website generiert wird, impliziert die Gew\u00e4hrung einer stillschweigenden Lizenz oder eines Rechts zur Nutzung eines Bildes, einer Marke, einer Dienstleistungsidentit\u00e4tsmarke oder eines Logos. Durch das Herunterladen oder Kopieren von Inhalten von der Website werden keine Rechte an dem betreffenden Material gew\u00e4hrt. Die Crossinvest Locarno SA beh\u00e4lt sich alle Rechte an allen Inhalten der Website vor, die sich aus dem Urheberrecht und dem Markenrecht ergeben.<\/p>\n<p><strong>Verkn\u00fcpfte Websites<br \/>\n<\/strong>\u00dcber einen Link k\u00f6nnen Sie die Website der Crossinvest Locarno SA verlassen und zu Websites anderer Anbieter und deren Inhalten gelangen. Die Crossinvest Locarno SA hat keine Kontrolle \u00fcber den Inhalt von Websites Dritter und \u00fcbernimmt keine Verantwortung f\u00fcr deren Richtigkeit, Genauigkeit, Vollst\u00e4ndigkeit, Wahrhaftigkeit, Aktualit\u00e4t oder Eignung f\u00fcr einen bestimmten Zweck. Jegliche Haftung, insbesondere f\u00fcr eventuelle direkte oder indirekte Sch\u00e4den oder Konsequenzen, die durch die Nutzung der Inhalte fremder Websites entstehen, ist ausgeschlossen. F\u00fcr den Inhalt der verlinkten Seiten sind daher ausschlie\u00dflich deren Betreiber verantwortlich, die \u00fcber externe Links erreichbar sind.<\/p>\n<p><strong>Kein Angebot<br \/>\n<\/strong>Die Crossinvest Locarno SA ist eine in der Schweiz registrierte Verm\u00f6gensverwaltungsgesellschaft, die von der AOOS (AO) \/ FINMA als Verm\u00f6gensverwalterin beaufsichtigt wird und zugelassen ist. Die Crossinvest Locarno SA \u00fcbt ihre Finanzt\u00e4tigkeit ausschliesslich in der Schweiz aus und verf\u00fcgt \u00fcber alle notwendigen Bewilligungen. Der Inhalt dieser Website dient ausschliesslich zu Informationszwecken. Die hierin enthaltenen Informationen sind zuverl\u00e4ssig und objektiv, stellen jedoch kein Angebot und keine Empfehlung dar, in die Produkte der Crossinvest Locarno SA zu investieren oder ihre Dienstleistungen in Anspruch zu nehmen. Keine der Informationen auf dieser Website stellt in irgendeiner Weise eine Finanzberatung dar. Dar\u00fcber hinaus sind die Informationen auf der Website nicht dazu bestimmt, in einer anderen Rechtsordnung angeboten oder genutzt zu werden, in der ein solches Angebot nach dem dortigen Recht nicht zul\u00e4ssig ist und\/oder die Genehmigung der Crossinvest Locarno SA erfordert.<\/p>\n<p><strong>Keine Garantie &#8211; Warnung<br \/>\n<\/strong>Die auf der Website ge\u00e4usserten Meinungen sind diejenigen der Crossinvest Locarno SA und wurden von der Gesellschaft mit gr\u00f6sster Sorgfalt und nach bestem Wissen und Gewissen formuliert. Obwohl die Crossinvest Locarno SA alle zumutbaren Anstrengungen unternommen hat, um die Zuverl\u00e4ssigkeit der auf der Website enthaltenen Informationen im Zeitpunkt ihrer Publikation zu gew\u00e4hrleisten, k\u00f6nnen weder die Crossinvest Locarno SA noch ihre Gesch\u00e4ftspartner eine explizite bzw. implizite Zusicherung oder Gew\u00e4hrleistung (einschliesslich Haftung) hinsichtlich der Genauigkeit, Zuverl\u00e4ssigkeit oder Vollst\u00e4ndigkeit der Informationen machen. Der Inhalt der Website kann jederzeit und ohne vorherige Ank\u00fcndigung ge\u00e4ndert werden. Ferner haftet die Crossinvest Locarno SA in keinem Fall f\u00fcr direkte oder indirekte Sch\u00e4den irgendwelcher Art, die sich aus dem Zugriff, der Unm\u00f6glichkeit des Zugriffs oder der Benutzung der Website oder aus darin enthaltenen Informationen ergeben, einschliesslich und ohne Einschr\u00e4nkung bei Fahrl\u00e4ssigkeit.<\/p>\n<p>Die auf der Website enthaltenen Informationen und Meinungen werden im weitesten Sinne des geltenden Rechts ohne jegliche ausdr\u00fcckliche oder stillschweigende Garantie zur Verf\u00fcgung gestellt. Insbesondere wird dem Nutzer der Website empfohlen, zu pr\u00fcfen, ob die darin enthaltenen Informationen seiner pers\u00f6nlichen Situation im Hinblick auf etwaige geltende gesetzliche, beh\u00f6rdliche oder steuerliche Beschr\u00e4nkungen entsprechen, gegebenenfalls mit Hilfe eines externen Beraters oder Spezialisten. Im Falle von Beanstandungen gilt der interne Haftungsbericht des Unternehmens. Dar\u00fcber hinaus lehnt Crossinvest Locarno SA jede Haftung ab und \u00fcbernimmt keine Garantie, weder ausdr\u00fccklich noch stillschweigend, f\u00fcr das ordnungsgem\u00e4sse Funktionieren der Website oder f\u00fcr m\u00f6gliche Unterbrechungen oder Fehler, noch f\u00fcr die Behebung von M\u00e4ngeln oder das Fehlen von M\u00e4ngeln der Website oder des Servers, der sie zur Verf\u00fcgung stellt. Aufgrund der offenen Konfiguration des Internets ist es m\u00f6glich, dass sich Dritte unbefugt Zugang zum Computersystem des Unternehmens verschaffen und dessen Inhalt ver\u00e4ndern. Die Crossinvest Locarno SA haftet nicht f\u00fcr einen unbefugten Zugriff auf die Content Management System (CMS) Plattform.<\/p>\n<p><strong>Informationen zu Anlagerisiken<br \/>\n<\/strong>Die zur Verf\u00fcgung gestellten Performance-Angaben dienen lediglich zu Vergleichszwecken und haben einen rein informativen Charakter. Sie beinhalten keine Aussage \u00fcber die Wahrscheinlichkeit des Erreichens eines bestimmten Wertes und stellen keine rechtliche Verpflichtung, Zusage oder Garantie dar. Die Inhalte wurden ohne konkreten Bezug auf bestimmte oder zuk\u00fcnftige Anlageziele, finanzielle oder steuerliche Verh\u00e4ltnisse oder die spezifischen Bed\u00fcrfnisse eines bestimmten Empf\u00e4ngers erstellt. Die in diesem Dokument enthaltenen Informationen werden von der Crossinvest Locarno SA ohne jegliche Gew\u00e4hr und nur zum pers\u00f6nlichen Gebrauch zur Verf\u00fcgung gestellt.<\/p>\n<p><strong>Datenschutz<br \/>\n<\/strong>Die Crossinvest Locarno SA nimmt den Datenschutz ernst und m\u00f6chte mit der im Abschnitt &#8222;Normative Aspekte&#8220; ver\u00f6ffentlichten Datenschutzerkl\u00e4rung erl\u00e4utern, welche Daten abgefragt und wie sie verwendet werden.<\/p>\n<p><strong>Anwendbares Recht und Gerichtsstand<br \/>\n<\/strong>Diese Nutzungsbedingungen unterstehen dem Schweizer Recht. F\u00fcr Streitigkeiten, die nicht g\u00fctlich beigelegt werden k\u00f6nnen, ist ausschliesslich das Gericht in Locarno zust\u00e4ndig.<\/p>\n<p><strong>Crossinvest Locarno <\/strong><strong>SA<\/strong><br \/>\nPiazza Grande 20<br \/>\nIngresso Piazzetta de Capitani 7<br \/>\nCH-6600 Locarno<br \/>\nT+41 91 756 22 30<br \/>\n<a href=\"mailto:info@crossinvest-locarno.ch\">info@crossinvest-locarno.ch<\/a>[\/vc_column_text][\/vc_column][\/vc_row][vc_row][vc_column]<div class=\"dfd-spacer-module\"  data-units=\"px\" data-wide_resolution=\"1280\" data-wide_size=\"150\" data-normal_resolution=\"1024\" data-normal_size=\"100\" data-tablet_resolution=\"800\" data-tablet_size=\"100\" data-mobile_resolution=\"480\" data-mobile_size=\"80\" style=\"height: 150px;\"><\/div>[\/vc_column][\/vc_row]<\/p>\n<\/div>","protected":false},"excerpt":{"rendered":"<p>[vc_row][vc_column][\/vc_column][\/vc_row][vc_row][vc_column css=&#8220;.vc_custom_1608111214077{padding-right: 30px !important;padding-left: 30px !important;}&#8220; col_shadow=&#8220;box_shadow_enable:disable|shadow_horizontal:0|shadow_vertical:15|shadow_blur:50|shadow_spread:0|box_shadow_color:rgba(0%2C0%2C0%2C0.35)&#8220; col_shadow_hover=&#8220;box_shadow_enable:disable|shadow_horizontal:0|shadow_vertical:15|shadow_blur:50|shadow_spread:0|box_shadow_color:rgba(0%2C0%2C0%2C0.35)&#8220;][vc_column_text] Rechtliche Hinweise [\/vc_column_text][\/vc_column][\/vc_row][vc_row][vc_column css=&#8220;.vc_custom_1608111208599{padding-right: 30px !important;padding-left: 30px !important;}&#8220; col_shadow=&#8220;box_shadow_enable:disable|shadow_horizontal:0|shadow_vertical:15|shadow_blur:50|shadow_spread:0|box_shadow_color:rgba(0%2C0%2C0%2C0.35)&#8220; col_shadow_hover=&#8220;box_shadow_enable:disable|shadow_horizontal:0|shadow_vertical:15|shadow_blur:50|shadow_spread:0|box_shadow_color:rgba(0%2C0%2C0%2C0.35)&#8220;][vc_column_text]Nutzungsbedingungen Wir bitten Sie, diese Nutzungsbedingungen sorgf\u00e4ltig zu lesen. Mit dem Zugriff auf<\/p>\n","protected":false},"author":1,"featured_media":0,"parent":0,"menu_order":0,"comment_status":"closed","ping_status":"closed","template":"page-custom.php","meta":{"inline_featured_image":false,"footnotes":""},"class_list":["post-29385","page","type-page","status-publish","hentry"],"yoast_head":"<!-- This site is optimized with the Yoast SEO plugin v27.3 - https:\/\/yoast.com\/product\/yoast-seo-wordpress\/ -->\n<title>Rechtliche Hinweise - CROSSINVEST<\/title>\n<meta name=\"robots\" content=\"index, follow, max-snippet:-1, max-image-preview:large, max-video-preview:-1\" \/>\n<link rel=\"canonical\" href=\"https:\/\/www.crossinvest-locarno.ch\/de\/rechtliche-hinweise\/\" \/>\n<meta property=\"og:locale\" content=\"de_DE\" \/>\n<meta property=\"og:type\" content=\"article\" \/>\n<meta property=\"og:title\" content=\"Rechtliche Hinweise - CROSSINVEST\" \/>\n<meta property=\"og:description\" content=\"[vc_row][vc_column][\/vc_column][\/vc_row][vc_row][vc_column css=&#8220;.vc_custom_1608111214077{padding-right: 30px !important;padding-left: 30px !important;}&#8220; col_shadow=&#8220;box_shadow_enable:disable|shadow_horizontal:0|shadow_vertical:15|shadow_blur:50|shadow_spread:0|box_shadow_color:rgba(0%2C0%2C0%2C0.35)&#8220; col_shadow_hover=&#8220;box_shadow_enable:disable|shadow_horizontal:0|shadow_vertical:15|shadow_blur:50|shadow_spread:0|box_shadow_color:rgba(0%2C0%2C0%2C0.35)&#8220;][vc_column_text] Rechtliche Hinweise [\/vc_column_text][\/vc_column][\/vc_row][vc_row][vc_column css=&#8220;.vc_custom_1608111208599{padding-right: 30px !important;padding-left: 30px !important;}&#8220; col_shadow=&#8220;box_shadow_enable:disable|shadow_horizontal:0|shadow_vertical:15|shadow_blur:50|shadow_spread:0|box_shadow_color:rgba(0%2C0%2C0%2C0.35)&#8220; col_shadow_hover=&#8220;box_shadow_enable:disable|shadow_horizontal:0|shadow_vertical:15|shadow_blur:50|shadow_spread:0|box_shadow_color:rgba(0%2C0%2C0%2C0.35)&#8220;][vc_column_text]Nutzungsbedingungen Wir bitten Sie, diese Nutzungsbedingungen sorgf\u00e4ltig zu lesen. Mit dem Zugriff auf\" \/>\n<meta property=\"og:url\" content=\"https:\/\/www.crossinvest-locarno.ch\/de\/rechtliche-hinweise\/\" \/>\n<meta property=\"og:site_name\" content=\"CROSSINVEST\" \/>\n<meta property=\"article:modified_time\" content=\"2023-09-01T11:16:09+00:00\" \/>\n<meta name=\"twitter:card\" content=\"summary_large_image\" \/>\n<meta name=\"twitter:label1\" content=\"Gesch\u00e4tzte Lesezeit\" \/>\n\t<meta name=\"twitter:data1\" content=\"7\u00a0Minuten\" \/>\n<script type=\"application\/ld+json\" class=\"yoast-schema-graph\">{\"@context\":\"https:\\\/\\\/schema.org\",\"@graph\":[{\"@type\":\"WebPage\",\"@id\":\"https:\\\/\\\/www.crossinvest-locarno.ch\\\/de\\\/rechtliche-hinweise\\\/\",\"url\":\"https:\\\/\\\/www.crossinvest-locarno.ch\\\/de\\\/rechtliche-hinweise\\\/\",\"name\":\"Rechtliche Hinweise - CROSSINVEST\",\"isPartOf\":{\"@id\":\"https:\\\/\\\/www.crossinvest-locarno.ch\\\/#website\"},\"datePublished\":\"2021-03-01T14:29:57+00:00\",\"dateModified\":\"2023-09-01T11:16:09+00:00\",\"breadcrumb\":{\"@id\":\"https:\\\/\\\/www.crossinvest-locarno.ch\\\/de\\\/rechtliche-hinweise\\\/#breadcrumb\"},\"inLanguage\":\"de\",\"potentialAction\":[{\"@type\":\"ReadAction\",\"target\":[\"https:\\\/\\\/www.crossinvest-locarno.ch\\\/de\\\/rechtliche-hinweise\\\/\"]}]},{\"@type\":\"BreadcrumbList\",\"@id\":\"https:\\\/\\\/www.crossinvest-locarno.ch\\\/de\\\/rechtliche-hinweise\\\/#breadcrumb\",\"itemListElement\":[{\"@type\":\"ListItem\",\"position\":1,\"name\":\"Home\",\"item\":\"https:\\\/\\\/www.crossinvest-locarno.ch\\\/de\\\/\"},{\"@type\":\"ListItem\",\"position\":2,\"name\":\"Rechtliche Hinweise\"}]},{\"@type\":\"WebSite\",\"@id\":\"https:\\\/\\\/www.crossinvest-locarno.ch\\\/#website\",\"url\":\"https:\\\/\\\/www.crossinvest-locarno.ch\\\/\",\"name\":\"Crossinvest Locarno SA\",\"description\":\"Locarno\",\"publisher\":{\"@id\":\"https:\\\/\\\/www.crossinvest-locarno.ch\\\/#organization\"},\"potentialAction\":[{\"@type\":\"SearchAction\",\"target\":{\"@type\":\"EntryPoint\",\"urlTemplate\":\"https:\\\/\\\/www.crossinvest-locarno.ch\\\/?s={search_term_string}\"},\"query-input\":{\"@type\":\"PropertyValueSpecification\",\"valueRequired\":true,\"valueName\":\"search_term_string\"}}],\"inLanguage\":\"de\"},{\"@type\":\"Organization\",\"@id\":\"https:\\\/\\\/www.crossinvest-locarno.ch\\\/#organization\",\"name\":\"Crossinvest Locarno SA\",\"url\":\"https:\\\/\\\/www.crossinvest-locarno.ch\\\/\",\"logo\":{\"@type\":\"ImageObject\",\"inLanguage\":\"de\",\"@id\":\"https:\\\/\\\/www.crossinvest-locarno.ch\\\/#\\\/schema\\\/logo\\\/image\\\/\",\"url\":\"https:\\\/\\\/www.crossinvest-locarno.ch\\\/wp-content\\\/uploads\\\/2021\\\/01\\\/crossinvest-locarno_logo_new.svg\",\"contentUrl\":\"https:\\\/\\\/www.crossinvest-locarno.ch\\\/wp-content\\\/uploads\\\/2021\\\/01\\\/crossinvest-locarno_logo_new.svg\",\"width\":\"1024\",\"height\":\"1024\",\"caption\":\"Crossinvest Locarno SA\"},\"image\":{\"@id\":\"https:\\\/\\\/www.crossinvest-locarno.ch\\\/#\\\/schema\\\/logo\\\/image\\\/\"}}]}<\/script>\n<!-- \/ Yoast SEO plugin. -->","yoast_head_json":{"title":"Rechtliche Hinweise - CROSSINVEST","robots":{"index":"index","follow":"follow","max-snippet":"max-snippet:-1","max-image-preview":"max-image-preview:large","max-video-preview":"max-video-preview:-1"},"canonical":"https:\/\/www.crossinvest-locarno.ch\/de\/rechtliche-hinweise\/","og_locale":"de_DE","og_type":"article","og_title":"Rechtliche Hinweise - CROSSINVEST","og_description":"[vc_row][vc_column][\/vc_column][\/vc_row][vc_row][vc_column css=&#8220;.vc_custom_1608111214077{padding-right: 30px !important;padding-left: 30px !important;}&#8220; col_shadow=&#8220;box_shadow_enable:disable|shadow_horizontal:0|shadow_vertical:15|shadow_blur:50|shadow_spread:0|box_shadow_color:rgba(0%2C0%2C0%2C0.35)&#8220; col_shadow_hover=&#8220;box_shadow_enable:disable|shadow_horizontal:0|shadow_vertical:15|shadow_blur:50|shadow_spread:0|box_shadow_color:rgba(0%2C0%2C0%2C0.35)&#8220;][vc_column_text] Rechtliche Hinweise [\/vc_column_text][\/vc_column][\/vc_row][vc_row][vc_column css=&#8220;.vc_custom_1608111208599{padding-right: 30px !important;padding-left: 30px !important;}&#8220; col_shadow=&#8220;box_shadow_enable:disable|shadow_horizontal:0|shadow_vertical:15|shadow_blur:50|shadow_spread:0|box_shadow_color:rgba(0%2C0%2C0%2C0.35)&#8220; col_shadow_hover=&#8220;box_shadow_enable:disable|shadow_horizontal:0|shadow_vertical:15|shadow_blur:50|shadow_spread:0|box_shadow_color:rgba(0%2C0%2C0%2C0.35)&#8220;][vc_column_text]Nutzungsbedingungen Wir bitten Sie, diese Nutzungsbedingungen sorgf\u00e4ltig zu lesen. Mit dem Zugriff auf","og_url":"https:\/\/www.crossinvest-locarno.ch\/de\/rechtliche-hinweise\/","og_site_name":"CROSSINVEST","article_modified_time":"2023-09-01T11:16:09+00:00","twitter_card":"summary_large_image","twitter_misc":{"Gesch\u00e4tzte Lesezeit":"7\u00a0Minuten"},"schema":{"@context":"https:\/\/schema.org","@graph":[{"@type":"WebPage","@id":"https:\/\/www.crossinvest-locarno.ch\/de\/rechtliche-hinweise\/","url":"https:\/\/www.crossinvest-locarno.ch\/de\/rechtliche-hinweise\/","name":"Rechtliche Hinweise - CROSSINVEST","isPartOf":{"@id":"https:\/\/www.crossinvest-locarno.ch\/#website"},"datePublished":"2021-03-01T14:29:57+00:00","dateModified":"2023-09-01T11:16:09+00:00","breadcrumb":{"@id":"https:\/\/www.crossinvest-locarno.ch\/de\/rechtliche-hinweise\/#breadcrumb"},"inLanguage":"de","potentialAction":[{"@type":"ReadAction","target":["https:\/\/www.crossinvest-locarno.ch\/de\/rechtliche-hinweise\/"]}]},{"@type":"BreadcrumbList","@id":"https:\/\/www.crossinvest-locarno.ch\/de\/rechtliche-hinweise\/#breadcrumb","itemListElement":[{"@type":"ListItem","position":1,"name":"Home","item":"https:\/\/www.crossinvest-locarno.ch\/de\/"},{"@type":"ListItem","position":2,"name":"Rechtliche Hinweise"}]},{"@type":"WebSite","@id":"https:\/\/www.crossinvest-locarno.ch\/#website","url":"https:\/\/www.crossinvest-locarno.ch\/","name":"Crossinvest Locarno SA","description":"Locarno","publisher":{"@id":"https:\/\/www.crossinvest-locarno.ch\/#organization"},"potentialAction":[{"@type":"SearchAction","target":{"@type":"EntryPoint","urlTemplate":"https:\/\/www.crossinvest-locarno.ch\/?s={search_term_string}"},"query-input":{"@type":"PropertyValueSpecification","valueRequired":true,"valueName":"search_term_string"}}],"inLanguage":"de"},{"@type":"Organization","@id":"https:\/\/www.crossinvest-locarno.ch\/#organization","name":"Crossinvest Locarno SA","url":"https:\/\/www.crossinvest-locarno.ch\/","logo":{"@type":"ImageObject","inLanguage":"de","@id":"https:\/\/www.crossinvest-locarno.ch\/#\/schema\/logo\/image\/","url":"https:\/\/www.crossinvest-locarno.ch\/wp-content\/uploads\/2021\/01\/crossinvest-locarno_logo_new.svg","contentUrl":"https:\/\/www.crossinvest-locarno.ch\/wp-content\/uploads\/2021\/01\/crossinvest-locarno_logo_new.svg","width":"1024","height":"1024","caption":"Crossinvest Locarno SA"},"image":{"@id":"https:\/\/www.crossinvest-locarno.ch\/#\/schema\/logo\/image\/"}}]}},"_links":{"self":[{"href":"https:\/\/www.crossinvest-locarno.ch\/de\/wp-json\/wp\/v2\/pages\/29385","targetHints":{"allow":["GET"]}}],"collection":[{"href":"https:\/\/www.crossinvest-locarno.ch\/de\/wp-json\/wp\/v2\/pages"}],"about":[{"href":"https:\/\/www.crossinvest-locarno.ch\/de\/wp-json\/wp\/v2\/types\/page"}],"author":[{"embeddable":true,"href":"https:\/\/www.crossinvest-locarno.ch\/de\/wp-json\/wp\/v2\/users\/1"}],"replies":[{"embeddable":true,"href":"https:\/\/www.crossinvest-locarno.ch\/de\/wp-json\/wp\/v2\/comments?post=29385"}],"version-history":[{"count":14,"href":"https:\/\/www.crossinvest-locarno.ch\/de\/wp-json\/wp\/v2\/pages\/29385\/revisions"}],"predecessor-version":[{"id":29755,"href":"https:\/\/www.crossinvest-locarno.ch\/de\/wp-json\/wp\/v2\/pages\/29385\/revisions\/29755"}],"wp:attachment":[{"href":"https:\/\/www.crossinvest-locarno.ch\/de\/wp-json\/wp\/v2\/media?parent=29385"}],"curies":[{"name":"wp","href":"https:\/\/api.w.org\/{rel}","templated":true}]}}